{"id":9369,"date":"2022-03-16T09:04:46","date_gmt":"2022-03-16T07:04:46","guid":{"rendered":"https:\/\/www.istaf-indoor.de\/?page_id=9369"},"modified":"2022-03-16T09:06:42","modified_gmt":"2022-03-16T07:06:42","slug":"pressezitate","status":"publish","type":"page","link":"https:\/\/www.istaf-indoor.de\/en\/pressezitate\/","title":{"rendered":"Press Quotes"},"content":{"rendered":"<p>[et_pb_section fb_built=&#8221;1&#8243; _builder_version=&#8221;3.22&#8243;][et_pb_row column_structure=&#8221;1_2,1_2&#8243; _builder_version=&#8221;3.25&#8243; background_size=&#8221;initial&#8221; background_position=&#8221;top_left&#8221; background_repeat=&#8221;repeat&#8221;][et_pb_column type=&#8221;1_2&#8243; _builder_version=&#8221;3.25&#8243; custom_padding=&#8221;|||&#8221; custom_padding__hover=&#8221;|||&#8221;][et_pb_text module_class=&#8221;speech-bubble-wrap&#8221; _builder_version=&#8221;4.1&#8243; background_size=&#8221;initial&#8221; background_position=&#8221;top_left&#8221; background_repeat=&#8221;repeat&#8221; custom_padding=&#8221;0px||||false|false&#8221;]<\/p>\n<blockquote class=\"speech-bubble\"><p>Das erste INDOOR ISTAF in der O2 World hat die Erwartungen \u00fcbertroffen!<\/p><\/blockquote>\n<p class=\"bubble-author\">BILD (2014)<\/p>\n<p>[\/et_pb_text][et_pb_text module_class=&#8221;speech-bubble-wrap&#8221; _builder_version=&#8221;4.1&#8243; background_size=&#8221;initial&#8221; background_position=&#8221;top_left&#8221; background_repeat=&#8221;repeat&#8221;]<\/p>\n<blockquote class=\"speech-bubble\"><p>&#8220;Laut, schnell, happy!&#8221;<\/p><\/blockquote>\n<p class=\"bubble-author\">Frankfurter Allgemeine (2014)<\/p>\n<p>[\/et_pb_text][et_pb_text module_class=&#8221;speech-bubble-wrap&#8221; _builder_version=&#8221;4.1&#8243; background_size=&#8221;initial&#8221; background_position=&#8221;top_left&#8221; background_repeat=&#8221;repeat&#8221;]<\/p>\n<blockquote class=\"speech-bubble\"><p>Tolle Stimmung, tolle Leistungen, tolle Show. Das ISTAF INDOOR hat am Samstagabend rundum \u00fcberzeugt.<\/p><\/blockquote>\n<p class=\"bubble-author\">Leichtathletik.de (2014)<\/p>\n<p>[\/et_pb_text][et_pb_text module_class=&#8221;speech-bubble-wrap&#8221; _builder_version=&#8221;4.1&#8243; background_size=&#8221;initial&#8221; background_position=&#8221;top_left&#8221; background_repeat=&#8221;repeat&#8221;]<\/p>\n<blockquote class=\"speech-bubble\"><p>Die Inszenierung war hervorragend, mit Feuerwerk und Musik. 70 Athleten sahen wir am Start, darunter vier Olympiasieger, sechs Weltmeister und 13 Europameister.<\/p><\/blockquote>\n<p class=\"bubble-author\">B.Z. (2015)<\/p>\n<p>[\/et_pb_text][et_pb_text module_class=&#8221;speech-bubble-wrap&#8221; _builder_version=&#8221;4.1&#8243; background_size=&#8221;initial&#8221; background_position=&#8221;top_left&#8221; background_repeat=&#8221;repeat&#8221;]<\/p>\n<blockquote class=\"speech-bubble\"><p>Zum ISTAF kommen alle gern \u2013 ob drinnen oder drau\u00dfen.<\/p><\/blockquote>\n<p class=\"bubble-author\">Berliner Morgenpost (2015)<\/p>\n<p>[\/et_pb_text][\/et_pb_column][et_pb_column type=&#8221;1_2&#8243; _builder_version=&#8221;3.25&#8243; custom_padding=&#8221;|||&#8221; custom_padding__hover=&#8221;|||&#8221;][et_pb_text module_class=&#8221;speech-bubble-wrap&#8221; _builder_version=&#8221;4.1&#8243; background_size=&#8221;initial&#8221; background_position=&#8221;top_left&#8221; background_repeat=&#8221;repeat&#8221; custom_margin=&#8221;50px||||false|false&#8221; custom_margin_tablet=&#8221;0px||||false|false&#8221; custom_margin_phone=&#8221;&#8221; custom_margin_last_edited=&#8221;on|desktop&#8221;]<\/p>\n<blockquote class=\"speech-bubble\"><p>Das Beste unterm Hallendach. Die erste Auflage des ISTAF INDOOR in Berlin setzt gleich neue Ma\u00dfst\u00e4be&#8230;<\/p><\/blockquote>\n<p class=\"bubble-author\">Der Tagesspiegel (2014)<\/p>\n<p>[\/et_pb_text][et_pb_text module_class=&#8221;speech-bubble-wrap&#8221; _builder_version=&#8221;4.1&#8243; background_size=&#8221;initial&#8221; background_position=&#8221;top_left&#8221; background_repeat=&#8221;repeat&#8221; custom_margin=&#8221;50px||||false|false&#8221; custom_margin_tablet=&#8221;0px||||false|false&#8221; custom_margin_phone=&#8221;&#8221; custom_margin_last_edited=&#8221;on|desktop&#8221;]<\/p>\n<blockquote class=\"speech-bubble\"><p>Das erste INDOOR ISTAF war ein echter Knaller. Berlin hat eine Attraktion mehr und beweist: Hier ist die Hauptstadt der Leichtathletik.<\/p><\/blockquote>\n<p class=\"bubble-author\">B.Z. (2014)<\/p>\n<p>[\/et_pb_text][et_pb_text module_class=&#8221;speech-bubble-wrap&#8221; _builder_version=&#8221;4.1&#8243; background_size=&#8221;initial&#8221; background_position=&#8221;top_left&#8221; background_repeat=&#8221;repeat&#8221; custom_margin=&#8221;50px||||false|false&#8221; custom_margin_tablet=&#8221;0px||||false|false&#8221; custom_margin_phone=&#8221;&#8221; custom_margin_last_edited=&#8221;on|desktop&#8221;]<\/p>\n<blockquote class=\"speech-bubble\"><p>Stabhochsprung-\u00dcberflieger Renaud Lavillenie hat die Fans bei der gr\u00f6\u00dften Hallen-Show der Leichtathletik verz\u00fcckt und auch ohne Weltrekord das Highlight gesetzt.<\/p><\/blockquote>\n<p class=\"bubble-author\">Saarbr\u00fccker Zeitung (2015)<\/p>\n<p>[\/et_pb_text][et_pb_text module_class=&#8221;speech-bubble-wrap&#8221; _builder_version=&#8221;4.1&#8243; background_size=&#8221;initial&#8221; background_position=&#8221;top_left&#8221; background_repeat=&#8221;repeat&#8221; custom_margin=&#8221;50px||||false|false&#8221; custom_margin_tablet=&#8221;0px||||false|false&#8221; custom_margin_phone=&#8221;&#8221; custom_margin_last_edited=&#8221;on|desktop&#8221;]<\/p>\n<blockquote class=\"speech-bubble\"><p>Die Stimmung in Berlin &#8211; einmalig. So ein Meeting gibt es auf der ganzen Welt nur hier.<\/p><\/blockquote>\n<p class=\"bubble-author\">Das Erste \/ ARD-Fernsehen<\/p>\n<p>[\/et_pb_text][et_pb_text module_class=&#8221;speech-bubble-wrap&#8221; _builder_version=&#8221;4.1&#8243; background_size=&#8221;initial&#8221; background_position=&#8221;top_left&#8221; background_repeat=&#8221;repeat&#8221; custom_margin=&#8221;50px||||false|false&#8221; custom_margin_tablet=&#8221;0px||||false|false&#8221; custom_margin_phone=&#8221;&#8221; custom_margin_last_edited=&#8221;on|desktop&#8221;]<\/p>\n<blockquote class=\"speech-bubble\"><p>Ich bin schwer beeindruckt, was Berlin hier auf die Beine gestellt hat, n\u00e4her dran an den Athleten geht nicht.<\/p><\/blockquote>\n<p class=\"bubble-author\">Sergej Bubka 2015 (51, Ukraine)<\/p>\n<p>[\/et_pb_text][\/et_pb_column][\/et_pb_row][\/et_pb_section]<\/p>\n","protected":false},"excerpt":{"rendered":"<p>Das erste INDOOR ISTAF in der O2 World hat die Erwartungen \u00fcbertroffen! BILD (2014) &#8220;Laut, schnell, happy!&#8221; Frankfurter Allgemeine (2014) Tolle Stimmung, tolle Leistungen, tolle Show. Das ISTAF INDOOR hat am Samstagabend rundum \u00fcberzeugt. Leichtathletik.de (2014) Die Inszenierung war hervorragend, mit Feuerwerk und Musik. 70 Athleten sahen wir am Start, darunter vier Olympiasieger, sechs Weltmeister [&hellip;]<\/p>\n","protected":false},"author":1,"featured_media":0,"parent":0,"menu_order":0,"comment_status":"closed","ping_status":"closed","template":"","meta":{"_et_pb_use_builder":"on","_et_pb_old_content":"","_et_gb_content_width":"","footnotes":""},"class_list":["post-9369","page","type-page","status-publish","hentry"],"yoast_head":"<!-- This site is optimized with the Yoast SEO plugin v27.4 - https:\/\/yoast.com\/product\/yoast-seo-wordpress\/ -->\n<title>ISTAF INDOOR BERLIN - Press Quotes<\/title>\n<meta name=\"robots\" content=\"index, follow, max-snippet:-1, max-image-preview:large, max-video-preview:-1\" \/>\n<link rel=\"canonical\" href=\"https:\/\/www.istaf-indoor.de\/en\/pressezitate\/\" \/>\n<meta property=\"og:locale\" content=\"en_US\" \/>\n<meta property=\"og:type\" content=\"article\" \/>\n<meta property=\"og:title\" content=\"ISTAF INDOOR BERLIN - Press Quotes\" \/>\n<meta property=\"og:description\" content=\"Das erste INDOOR ISTAF in der O2 World hat die Erwartungen \u00fcbertroffen! BILD (2014) &quot;Laut, schnell, happy!&quot; Frankfurter Allgemeine (2014) Tolle Stimmung, tolle Leistungen, tolle Show. Das ISTAF INDOOR hat am Samstagabend rundum \u00fcberzeugt. Leichtathletik.de (2014) Die Inszenierung war hervorragend, mit Feuerwerk und Musik. 70 Athleten sahen wir am Start, darunter vier Olympiasieger, sechs Weltmeister [&hellip;]\" \/>\n<meta property=\"og:url\" content=\"https:\/\/www.istaf-indoor.de\/en\/pressezitate\/\" \/>\n<meta property=\"og:site_name\" content=\"ISTAF INDOOR BERLIN\" \/>\n<meta property=\"article:publisher\" content=\"https:\/\/www.facebook.com\/istafindoor\" \/>\n<meta property=\"article:modified_time\" content=\"2022-03-16T07:06:42+00:00\" \/>\n<meta name=\"twitter:card\" content=\"summary_large_image\" \/>\n<meta name=\"twitter:label1\" content=\"Est. reading time\" \/>\n\t<meta name=\"twitter:data1\" content=\"3 minutes\" \/>\n<script type=\"application\/ld+json\" class=\"yoast-schema-graph\">{\"@context\":\"https:\\\/\\\/schema.org\",\"@graph\":[{\"@type\":\"WebPage\",\"@id\":\"https:\\\/\\\/www.istaf-indoor.de\\\/en\\\/pressezitate\\\/\",\"url\":\"https:\\\/\\\/www.istaf-indoor.de\\\/en\\\/pressezitate\\\/\",\"name\":\"ISTAF INDOOR BERLIN - Press Quotes\",\"isPartOf\":{\"@id\":\"https:\\\/\\\/www.istaf-indoor.de\\\/#website\"},\"datePublished\":\"2022-03-16T07:04:46+00:00\",\"dateModified\":\"2022-03-16T07:06:42+00:00\",\"breadcrumb\":{\"@id\":\"https:\\\/\\\/www.istaf-indoor.de\\\/en\\\/pressezitate\\\/#breadcrumb\"},\"inLanguage\":\"en-US\",\"potentialAction\":[{\"@type\":\"ReadAction\",\"target\":[\"https:\\\/\\\/www.istaf-indoor.de\\\/en\\\/pressezitate\\\/\"]}]},{\"@type\":\"BreadcrumbList\",\"@id\":\"https:\\\/\\\/www.istaf-indoor.de\\\/en\\\/pressezitate\\\/#breadcrumb\",\"itemListElement\":[{\"@type\":\"ListItem\",\"position\":1,\"name\":\"Startseite\",\"item\":\"https:\\\/\\\/www.istaf-indoor.de\\\/\"},{\"@type\":\"ListItem\",\"position\":2,\"name\":\"Press Quotes\"}]},{\"@type\":\"WebSite\",\"@id\":\"https:\\\/\\\/www.istaf-indoor.de\\\/#website\",\"url\":\"https:\\\/\\\/www.istaf-indoor.de\\\/\",\"name\":\"ISTAF INDOOR BERLIN\",\"description\":\"Das ISTAF-Meeting in der Mercedes-Benz-Arena\",\"publisher\":{\"@id\":\"https:\\\/\\\/www.istaf-indoor.de\\\/#organization\"},\"potentialAction\":[{\"@type\":\"SearchAction\",\"target\":{\"@type\":\"EntryPoint\",\"urlTemplate\":\"https:\\\/\\\/www.istaf-indoor.de\\\/?s={search_term_string}\"},\"query-input\":{\"@type\":\"PropertyValueSpecification\",\"valueRequired\":true,\"valueName\":\"search_term_string\"}}],\"inLanguage\":\"en-US\"},{\"@type\":\"Organization\",\"@id\":\"https:\\\/\\\/www.istaf-indoor.de\\\/#organization\",\"name\":\"ISTAF INDOOR\",\"url\":\"https:\\\/\\\/www.istaf-indoor.de\\\/\",\"logo\":{\"@type\":\"ImageObject\",\"inLanguage\":\"en-US\",\"@id\":\"https:\\\/\\\/www.istaf-indoor.de\\\/#\\\/schema\\\/logo\\\/image\\\/\",\"url\":\"https:\\\/\\\/www.istaf-indoor.de\\\/wp-content\\\/uploads\\\/2020\\\/01\\\/ISTAF-INDOOR-Logo.png\",\"contentUrl\":\"https:\\\/\\\/www.istaf-indoor.de\\\/wp-content\\\/uploads\\\/2020\\\/01\\\/ISTAF-INDOOR-Logo.png\",\"width\":280,\"height\":125,\"caption\":\"ISTAF INDOOR\"},\"image\":{\"@id\":\"https:\\\/\\\/www.istaf-indoor.de\\\/#\\\/schema\\\/logo\\\/image\\\/\"},\"sameAs\":[\"https:\\\/\\\/www.facebook.com\\\/istafindoor\",\"https:\\\/\\\/www.instagram.com\\\/istaf_indoor\\\/\",\"https:\\\/\\\/www.youtube.com\\\/channel\\\/UCkx5PGF8WwuLFflNcvkKFSQ\"]}]}<\/script>\n<!-- \/ Yoast SEO plugin. -->","yoast_head_json":{"title":"ISTAF INDOOR BERLIN - Press Quotes","robots":{"index":"index","follow":"follow","max-snippet":"max-snippet:-1","max-image-preview":"max-image-preview:large","max-video-preview":"max-video-preview:-1"},"canonical":"https:\/\/www.istaf-indoor.de\/en\/pressezitate\/","og_locale":"en_US","og_type":"article","og_title":"ISTAF INDOOR BERLIN - Press Quotes","og_description":"Das erste INDOOR ISTAF in der O2 World hat die Erwartungen \u00fcbertroffen! BILD (2014) \"Laut, schnell, happy!\" Frankfurter Allgemeine (2014) Tolle Stimmung, tolle Leistungen, tolle Show. Das ISTAF INDOOR hat am Samstagabend rundum \u00fcberzeugt. Leichtathletik.de (2014) Die Inszenierung war hervorragend, mit Feuerwerk und Musik. 70 Athleten sahen wir am Start, darunter vier Olympiasieger, sechs Weltmeister [&hellip;]","og_url":"https:\/\/www.istaf-indoor.de\/en\/pressezitate\/","og_site_name":"ISTAF INDOOR BERLIN","article_publisher":"https:\/\/www.facebook.com\/istafindoor","article_modified_time":"2022-03-16T07:06:42+00:00","twitter_card":"summary_large_image","twitter_misc":{"Est. reading time":"3 minutes"},"schema":{"@context":"https:\/\/schema.org","@graph":[{"@type":"WebPage","@id":"https:\/\/www.istaf-indoor.de\/en\/pressezitate\/","url":"https:\/\/www.istaf-indoor.de\/en\/pressezitate\/","name":"ISTAF INDOOR BERLIN - Press Quotes","isPartOf":{"@id":"https:\/\/www.istaf-indoor.de\/#website"},"datePublished":"2022-03-16T07:04:46+00:00","dateModified":"2022-03-16T07:06:42+00:00","breadcrumb":{"@id":"https:\/\/www.istaf-indoor.de\/en\/pressezitate\/#breadcrumb"},"inLanguage":"en-US","potentialAction":[{"@type":"ReadAction","target":["https:\/\/www.istaf-indoor.de\/en\/pressezitate\/"]}]},{"@type":"BreadcrumbList","@id":"https:\/\/www.istaf-indoor.de\/en\/pressezitate\/#breadcrumb","itemListElement":[{"@type":"ListItem","position":1,"name":"Startseite","item":"https:\/\/www.istaf-indoor.de\/"},{"@type":"ListItem","position":2,"name":"Press Quotes"}]},{"@type":"WebSite","@id":"https:\/\/www.istaf-indoor.de\/#website","url":"https:\/\/www.istaf-indoor.de\/","name":"ISTAF INDOOR BERLIN","description":"Das ISTAF-Meeting in der Mercedes-Benz-Arena","publisher":{"@id":"https:\/\/www.istaf-indoor.de\/#organization"},"potentialAction":[{"@type":"SearchAction","target":{"@type":"EntryPoint","urlTemplate":"https:\/\/www.istaf-indoor.de\/?s={search_term_string}"},"query-input":{"@type":"PropertyValueSpecification","valueRequired":true,"valueName":"search_term_string"}}],"inLanguage":"en-US"},{"@type":"Organization","@id":"https:\/\/www.istaf-indoor.de\/#organization","name":"ISTAF INDOOR","url":"https:\/\/www.istaf-indoor.de\/","logo":{"@type":"ImageObject","inLanguage":"en-US","@id":"https:\/\/www.istaf-indoor.de\/#\/schema\/logo\/image\/","url":"https:\/\/www.istaf-indoor.de\/wp-content\/uploads\/2020\/01\/ISTAF-INDOOR-Logo.png","contentUrl":"https:\/\/www.istaf-indoor.de\/wp-content\/uploads\/2020\/01\/ISTAF-INDOOR-Logo.png","width":280,"height":125,"caption":"ISTAF INDOOR"},"image":{"@id":"https:\/\/www.istaf-indoor.de\/#\/schema\/logo\/image\/"},"sameAs":["https:\/\/www.facebook.com\/istafindoor","https:\/\/www.instagram.com\/istaf_indoor\/","https:\/\/www.youtube.com\/channel\/UCkx5PGF8WwuLFflNcvkKFSQ"]}]}},"_links":{"self":[{"href":"https:\/\/www.istaf-indoor.de\/en\/wp-json\/wp\/v2\/pages\/9369","targetHints":{"allow":["GET"]}}],"collection":[{"href":"https:\/\/www.istaf-indoor.de\/en\/wp-json\/wp\/v2\/pages"}],"about":[{"href":"https:\/\/www.istaf-indoor.de\/en\/wp-json\/wp\/v2\/types\/page"}],"author":[{"embeddable":true,"href":"https:\/\/www.istaf-indoor.de\/en\/wp-json\/wp\/v2\/users\/1"}],"replies":[{"embeddable":true,"href":"https:\/\/www.istaf-indoor.de\/en\/wp-json\/wp\/v2\/comments?post=9369"}],"version-history":[{"count":0,"href":"https:\/\/www.istaf-indoor.de\/en\/wp-json\/wp\/v2\/pages\/9369\/revisions"}],"wp:attachment":[{"href":"https:\/\/www.istaf-indoor.de\/en\/wp-json\/wp\/v2\/media?parent=9369"}],"curies":[{"name":"wp","href":"https:\/\/api.w.org\/{rel}","templated":true}]}}