{"id":5154,"date":"2018-10-18T09:28:30","date_gmt":"2018-10-18T07:28:30","guid":{"rendered":"https:\/\/www.istaf-indoor.de\/?page_id=5154"},"modified":"2018-10-18T09:28:30","modified_gmt":"2018-10-18T07:28:30","slug":"media-reports","status":"publish","type":"page","link":"https:\/\/www.istaf-indoor.de\/en\/media-reports\/","title":{"rendered":"Media reports"},"content":{"rendered":"<h2>Media reports (selection)<\/h2>\n<p>&nbsp;<\/p>\n<h2>ISTAF INDOOR 2016<\/h2>\n<p>&nbsp;<\/p>\n<p>ARD || Sportschau vom 14.02.2016 [22 Min.] &#8211; ISTAF Indoor: Harting mit Comeback-Sieg, Wester springt allen davon || (Quelle: ARD Mediathek)<\/p>\n<p>ZDF || Aktuelles Sportstudio vom 20.02.2016 [6 Min] &#8211; <span id=\"\" class=\"beitragTitel\">Wester: Noch nicht der perfekte Sprung || (Quelle: ZDF Mediathek)<\/span><\/p>\n<p>&nbsp;<\/p>\n<p><a href=\"https:\/\/www.istaf-indoor.de\/wp-content\/uploads\/2014\/03\/Pressespiegel-ISTAF-INDOOR-2016.pdf\" class=\"mtli_attachment mtli_pdf\">Pressespiegel ISTAF INDOOR 2016<\/a><\/p>\n<h2><\/h2>\n<h2>ISTAF INDOOR 2015<\/h2>\n<p>&nbsp;<\/p>\n<p>Reichenhaller Tagblatt vom 16.02.2015 &#8211; Lavillenie verz\u00fcckt die Fans in Berlin<\/p>\n<p><a href=\"https:\/\/www.istaf-indoor.de\/wp-content\/uploads\/2015\/02\/2015_02_16_Reichenhaller-Tagblatt_Lavillenie-verz\u00fcckt-die-Fans-in-Berlin.pdf\" class=\"mtli_attachment mtli_pdf\">Reichenhaller Tagblatt_16. Februar 2015_ISTAF INDOOR<\/a><\/p>\n<p>Berliner Morgenpost vom 16.02.2015 &#8211; Alle wollen wiederkommen<\/p>\n<p><a href=\"https:\/\/www.istaf-indoor.de\/wp-content\/uploads\/2015\/02\/2015_02_16_Morgenpost_Alle-wollen-wiederkommen.pdf\" class=\"mtli_attachment mtli_pdf\">Berliner Morgenpost_16. Februar 2015_ISTAF INDOOR<\/a><\/p>\n<p>M\u00e4rkische Oderzeitung vom 16.02.2015 &#8211; Ein verpasster und drei erzielte Weltrekorde<\/p>\n<p><a href=\"https:\/\/www.istaf-indoor.de\/wp-content\/uploads\/2015\/02\/2015_02_16_M\u00e4rkische-Oderzeitung_Ein-verpasster-und-drei-erzielte-Weltrekorde.pdf\" class=\"mtli_attachment mtli_pdf\">M\u00e4rkische Oderzeitung_16. Februar 2015_ISTAF INDOOR<\/a><\/p>\n<p>BILD vom 16.02.2015 &#8211; Bestleistung ISTAF Boss erh\u00e4lt 93% Zustimmung<\/p>\n<p><a href=\"https:\/\/www.istaf-indoor.de\/wp-content\/uploads\/2015\/02\/2015_02_16_Bild_Bestleistung-ISTAF-Boss-erh\u00e4lt-93%-Zustimmung.pdf\" class=\"mtli_attachment mtli_pdf\">Bild_16. Februar 2015_ISTAF INDOOR<\/a><\/p>\n<p>Berliner Morgenpost vom vom 15.02.2015 &#8211; Dem Weltrekord so nah<\/p>\n<p><a href=\"https:\/\/www.istaf-indoor.de\/wp-content\/uploads\/2015\/02\/2015_02_15_Morgenpost_Dem-Weltrekord-so-nah.pdf\" class=\"mtli_attachment mtli_pdf\">Berliner Morgenpost_15. Februar 2015_ISTAF INDOOR<\/a><\/p>\n<p>Berliner Kurier am Sonntag vom 15.02.2015 &#8211; \u00dcberflieger beim Hallen-ISTAF<\/p>\n<p><a href=\"https:\/\/www.istaf-indoor.de\/wp-content\/uploads\/2015\/02\/2015_02_15_Kurier_\u00dcberflieger-beim-Hallen-ISTAF.pdf\" class=\"mtli_attachment mtli_pdf\">Berliner Kurier am Sonntag_15. Februar 2015_ISTAF INDOOR<\/a><\/p>\n<p>Berliner Kurier am Sonntag vom 15.02.2015 &#8211; Stars verzaubern beim ISTAF INDOOR<\/p>\n<p><a href=\"https:\/\/www.istaf-indoor.de\/wp-content\/uploads\/2015\/02\/2015_02_15_Berliner-Kurier-am-Sonntag_Stars-verzaubern-beim-ISTAF-INDOOR.pdf\" class=\"mtli_attachment mtli_pdf\">Berliner Kurier am Sonntag_15. Februar 2015_ISTAF INDOOR<\/a><\/p>\n<p>Volksstimme vom 14.02.2015 &#8211; Mischung aus Show und Sport stimmt<\/p>\n<p><a href=\"https:\/\/www.istaf-indoor.de\/wp-content\/uploads\/2015\/02\/2015_02_14_Volksstimme_Mischung-aus-Sport-und-Show-stimmt.pdf\" class=\"mtli_attachment mtli_pdf\">Volksstimme_14. Februar 2015_ISTAF INDOOR<\/a><\/p>\n<p>Ruhr Nachrichten vom 14.02.2015 &#8211; Drei Stunden Weltklasse<\/p>\n<p><a href=\"https:\/\/www.istaf-indoor.de\/wp-content\/uploads\/2015\/02\/2015_02_14_Ruhr-Nachrichten_Drei-Stunden-Weltklasse.pdf\" class=\"mtli_attachment mtli_pdf\">Ruhr Nachrichten_14. Februar 2015_ISTAF INDOOR<\/a><\/p>\n<p>Berliner Morgenpost vom 14.02.2015 &#8211; Mensch und Maschine<\/p>\n<p><a href=\"https:\/\/www.istaf-indoor.de\/wp-content\/uploads\/2015\/02\/2015_02_14_Morgenpost_Mensch-und-Maschine.pdf\" class=\"mtli_attachment mtli_pdf\">Berliner Morgenpost_14. Februar 2015_ISTAF INDOOR<\/a><\/p>\n<p>M\u00e4rkische Oderzeitung vom 14.02.2015 &#8211; Weltklasse zu Gast in Berlin<\/p>\n<p><a href=\"https:\/\/www.istaf-indoor.de\/wp-content\/uploads\/2015\/02\/2015_02_14_M\u00e4rkische-Oderzeitung_-Weltklasse-zu-Gast-in-Berlin.pdf\" class=\"mtli_attachment mtli_pdf\">M\u00e4rkische Oderzeitung_14. Februar 2015_ISTAF INDOOR<\/a><\/p>\n<p>Main-Echo vom 14.02.2015 &#8211; Lavillenie soll f\u00fcr H\u00f6hepunkt sorgen<\/p>\n<p><a href=\"https:\/\/www.istaf-indoor.de\/wp-content\/uploads\/2015\/02\/2015_02_14_Main-Echo_Lavillenie-soll-f\u00fcr-H\u00f6hepunkt-sorgen.pdf\" class=\"mtli_attachment mtli_pdf\">Main-Echo_14. Februar 2015_ISTAF INDOOR<\/a><\/p>\n<p>Emder Zeitung vom 14.02.2015 &#8211; Echte Kracher in Berlin<\/p>\n<p><a href=\"https:\/\/www.istaf-indoor.de\/wp-content\/uploads\/2015\/02\/2015_02_14_Emder-Zeitung_Echte-Kracher-in-Berlin.pdf\" class=\"mtli_attachment mtli_pdf\">Emder Zeitung_14. Februar 2015_ISTAF INDOOR<\/a><\/p>\n<p>B\u00f6hme-Zeitung vom 14.02.2015 &#8211; Gr\u00f6\u00dftes Hallen-Meeting mit Weltklasse-Feld<\/p>\n<p><a href=\"https:\/\/www.istaf-indoor.de\/wp-content\/uploads\/2015\/02\/2015_02_14_B\u00f6hme-Zeitung_Gr\u00f6\u00dftes-Hallen-Meeting-mit-Weltklasse-Feld.pdf\" class=\"mtli_attachment mtli_pdf\">B\u00f6hme-Zeitung_14. Februar 2015_ISTAF INDOOR<\/a><\/p>\n<p>BILD vom 14.02.2015 &#8211; Auf diese Stars m\u00fcssen Sie achten<\/p>\n<p><a href=\"https:\/\/www.istaf-indoor.de\/wp-content\/uploads\/2015\/02\/2015_02_14_Bild_Auf-diese-Stars-m\u00fcssen-Sie-achten.pdf\" class=\"mtli_attachment mtli_pdf\">BILD_14. Februar 2015_ISTAF INDOOR<\/a><\/p>\n<p>Berliner Zeitung vom 14.02.2015 &#8211; Positiv bekloppt<\/p>\n<p><a href=\"https:\/\/www.istaf-indoor.de\/wp-content\/uploads\/2015\/02\/2015_02_14_Berliner-Zeitung_Positiv-bekloppt.pdf\" class=\"mtli_attachment mtli_pdf\">Berliner Zeitung_14. Februar 2015_ISTAF INDOOR<\/a><\/p>\n<p>&nbsp;<\/p>\n<h2>ISTAF INDOOR 2014<\/h2>\n<p>&nbsp;<\/p>\n<h2><strong>N24 Reportage &#8220;Auf Eis gebaut&#8221; vom 21.06.2014<\/strong><\/h2>\n<p><img decoding=\"async\" class=\"alignnone lazyload\" style=\"--smush-placeholder-width: 560px; --smush-placeholder-aspect-ratio: 560\/315;border: 0px;\" data-src=\"https:\/\/img5.fotos-hochladen.net\/uploads\/indoorjpxenkgum9.jpg\" width=\"560\" height=\"315\" border=\"0\" src=\"data:image\/gif;base64,R0lGODlhAQABAAAAACH5BAEKAAEALAAAAAABAAEAAAICTAEAOw==\" \/><\/p>\n<p>&nbsp;<\/p>\n<h2>Before ISTAF INDOOR 2014<\/h2>\n<p>&nbsp;<\/p>\n<p>Leichtathletik vom 05.02.2014 &#8211; &#8220;Zeichen gegen Meeting-Sterben&#8221;<\/p>\n<p><a href=\"https:\/\/www.istaf-indoor.de\/wp-content\/uploads\/2013\/11\/Leichtathletik_2014_06_02_05-11.pdf\" class=\"mtli_attachment mtli_pdf\">Leichtathletik_5. Februar 2014_ISTAF_INDOOR<\/a><\/p>\n<p>Berliner Morgenpost vom 28.01.2014 &#8211; Olympiasiegerin Pearson startet beim Hallen-Istaf<\/p>\n<p><a href=\"https:\/\/www.istaf-indoor.de\/wp-content\/uploads\/2013\/11\/Berliner-Morgenpost-280114.pdf\" class=\"mtli_attachment mtli_pdf\">Berliner-Morgenpost-28. Januar 2014_ISTAF_INDOOR<\/a><\/p>\n<p>Bild vom 27.11.2013 &#8211; ALBA Dancers zum Indoor-ISTAF<\/p>\n<p><a href=\"https:\/\/www.istaf-indoor.de\/wp-content\/uploads\/2013\/11\/Bild_271113_ISTAF_Indoor.pdf\" class=\"mtli_attachment mtli_pdf\">Bild_27. November 2013_ISTAF_INDOOR<\/a><\/p>\n<p>FAZ vom 15.11.2013 &#8211; Schnapsidee als Attraktion<\/p>\n<p><a href=\"https:\/\/www.istaf-indoor.de\/wp-content\/uploads\/2013\/11\/FAZ_151113_ISTAF_Indoor.pdf\" class=\"mtli_attachment mtli_pdf\" target=\"_blank\" rel=\"noopener\">FAZ_15. November 2013_ISTAF_INDOOR<\/a><\/p>\n<p>Die Welt Kompakt vom 15.11.2013 &#8211; Angst um den Videow\u00fcrfel<\/p>\n<p><a href=\"https:\/\/www.istaf-indoor.de\/wp-content\/uploads\/2013\/11\/DieWeltKompakt_151113_ISTAF_Indoor.pdf\" class=\"mtli_attachment mtli_pdf\" target=\"_blank\" rel=\"noopener\">Die Welt Kompakt_15. November 2013_ISTAF_INDOOR<\/a><\/p>\n<p>Der Tagesspiegel vom 15.11.2013 &#8211; Leichtathletik mit Showeffekten<\/p>\n<p><a href=\"https:\/\/www.istaf-indoor.de\/wp-content\/uploads\/2013\/11\/Tagesspiegel_151113_ISTAF_Indoor.pdf\" class=\"mtli_attachment mtli_pdf\" target=\"_blank\" rel=\"noopener\">Tagesspiegel_15. November 2013_ISTAF_INDOOR<\/a><\/p>\n<p>Bild vom 15.11.2013 &#8211; Harting wirft im Dunkeln<\/p>\n<p><a href=\"https:\/\/www.istaf-indoor.de\/wp-content\/uploads\/2013\/11\/Bild_151113_ISTAF_Indoor.pdf\" class=\"mtli_attachment mtli_pdf\" target=\"_blank\" rel=\"noopener\">Bild_15. November 2013_ISTAF_INDOOR<\/a><\/p>\n<p>K\u00f6lner Express vom 15.11.2013 &#8211; Wir schauen uns das in Berlin genau an<\/p>\n<p><a href=\"https:\/\/www.istaf-indoor.de\/wp-content\/uploads\/2013\/11\/K\u00f6lner-Express_151113_ISTAF_Indoor.pdf\" class=\"mtli_attachment mtli_pdf\" target=\"_blank\" rel=\"noopener\">K\u00f6lner Express_15. November 2013_ISTAF_INDOOR<\/a><\/p>\n<p>B.Z. vom 03.09.2013 &#8211; Harting erkl\u00e4rt uns sein Wohnzimmer<\/p>\n<p><a href=\"https:\/\/www.istaf-indoor.de\/wp-content\/uploads\/2013\/11\/BZ_030913_ISTAF_Indoor.pdf\" class=\"mtli_attachment mtli_pdf\">BZ_03. September 2013_ISTAF_INDOOR<\/a><\/p>\n<p>Berliner Morgenpost vom 02.09.2013 &#8211; Auf Rekordjagd mit einem Diskus aus Gummi<\/p>\n<p><a href=\"https:\/\/www.istaf-indoor.de\/wp-content\/uploads\/2013\/11\/BerlinerMorgenpost_020913_ISTAF_Indoor.pdf\" class=\"mtli_attachment mtli_pdf\" target=\"_blank\" rel=\"noopener\">BerlinerMorgenpost_02. September 2013_ISTAF_INDOOR<\/a><\/p>\n<p>B.Z. vom 31.08.2013 &#8211; Halleluja! ISTAF gibt&#8217;s jetzt in der Halle<\/p>\n<p><a href=\"https:\/\/www.istaf-indoor.de\/wp-content\/uploads\/2013\/11\/BZ_310813_ISTAF_Indoor.pdf\" class=\"mtli_attachment mtli_pdf\">BZ_31. August 2013_ISTAF_INDOOR<\/a><\/p>\n<p>Sponsors 07\/2014 &#8211; Lifting der alten Dame<\/p>\n<p><a href=\"https:\/\/www.istaf-indoor.de\/wp-content\/uploads\/2014\/03\/Sponsors-Juli-2014.pdf\" class=\"mtli_attachment mtli_pdf\">Sponsors Juli 2014<\/a><\/p>\n","protected":false},"excerpt":{"rendered":"<p>Media reports (selection) &nbsp; ISTAF INDOOR 2016 &nbsp; ARD || Sportschau vom 14.02.2016 [22 Min.] &#8211; ISTAF Indoor: Harting mit Comeback-Sieg, Wester springt allen davon || (Quelle: ARD Mediathek) ZDF || Aktuelles Sportstudio vom 20.02.2016 [6 Min] &#8211; Wester: Noch nicht der perfekte Sprung || (Quelle: ZDF Mediathek) &nbsp; Pressespiegel ISTAF INDOOR 2016 ISTAF INDOOR [&hellip;]<\/p>\n","protected":false},"author":151,"featured_media":0,"parent":0,"menu_order":0,"comment_status":"closed","ping_status":"closed","template":"","meta":{"_et_pb_use_builder":"","_et_pb_old_content":"","_et_gb_content_width":"","footnotes":""},"class_list":["post-5154","page","type-page","status-publish","hentry"],"yoast_head":"<!-- This site is optimized with the Yoast SEO plugin v27.3 - https:\/\/yoast.com\/product\/yoast-seo-wordpress\/ -->\n<title>ISTAF INDOOR BERLIN - Media reports<\/title>\n<meta name=\"robots\" content=\"index, follow, max-snippet:-1, max-image-preview:large, max-video-preview:-1\" \/>\n<link rel=\"canonical\" href=\"https:\/\/www.istaf-indoor.de\/en\/media-reports\/\" \/>\n<meta property=\"og:locale\" content=\"en_US\" \/>\n<meta property=\"og:type\" content=\"article\" \/>\n<meta property=\"og:title\" content=\"ISTAF INDOOR BERLIN - Media reports\" \/>\n<meta property=\"og:description\" content=\"Media reports (selection) &nbsp; ISTAF INDOOR 2016 &nbsp; ARD || Sportschau vom 14.02.2016 [22 Min.] &#8211; ISTAF Indoor: Harting mit Comeback-Sieg, Wester springt allen davon || (Quelle: ARD Mediathek) ZDF || Aktuelles Sportstudio vom 20.02.2016 [6 Min] &#8211; Wester: Noch nicht der perfekte Sprung || (Quelle: ZDF Mediathek) &nbsp; Pressespiegel ISTAF INDOOR 2016 ISTAF INDOOR [&hellip;]\" \/>\n<meta property=\"og:url\" content=\"https:\/\/www.istaf-indoor.de\/en\/media-reports\/\" \/>\n<meta property=\"og:site_name\" content=\"ISTAF INDOOR BERLIN\" \/>\n<meta property=\"article:publisher\" content=\"https:\/\/www.facebook.com\/istafindoor\" \/>\n<meta property=\"og:image\" content=\"https:\/\/img5.fotos-hochladen.net\/uploads\/indoorjpxenkgum9.jpg\" \/>\n<meta name=\"twitter:card\" content=\"summary_large_image\" \/>\n<meta name=\"twitter:label1\" content=\"Est. reading time\" \/>\n\t<meta name=\"twitter:data1\" content=\"2 minutes\" \/>\n<script type=\"application\/ld+json\" class=\"yoast-schema-graph\">{\"@context\":\"https:\\\/\\\/schema.org\",\"@graph\":[{\"@type\":\"WebPage\",\"@id\":\"https:\\\/\\\/www.istaf-indoor.de\\\/en\\\/media-reports\\\/\",\"url\":\"https:\\\/\\\/www.istaf-indoor.de\\\/en\\\/media-reports\\\/\",\"name\":\"ISTAF INDOOR BERLIN - Media reports\",\"isPartOf\":{\"@id\":\"https:\\\/\\\/www.istaf-indoor.de\\\/#website\"},\"primaryImageOfPage\":{\"@id\":\"https:\\\/\\\/www.istaf-indoor.de\\\/en\\\/media-reports\\\/#primaryimage\"},\"image\":{\"@id\":\"https:\\\/\\\/www.istaf-indoor.de\\\/en\\\/media-reports\\\/#primaryimage\"},\"thumbnailUrl\":\"https:\\\/\\\/img5.fotos-hochladen.net\\\/uploads\\\/indoorjpxenkgum9.jpg\",\"datePublished\":\"2018-10-18T07:28:30+00:00\",\"breadcrumb\":{\"@id\":\"https:\\\/\\\/www.istaf-indoor.de\\\/en\\\/media-reports\\\/#breadcrumb\"},\"inLanguage\":\"en-US\",\"potentialAction\":[{\"@type\":\"ReadAction\",\"target\":[\"https:\\\/\\\/www.istaf-indoor.de\\\/en\\\/media-reports\\\/\"]}]},{\"@type\":\"ImageObject\",\"inLanguage\":\"en-US\",\"@id\":\"https:\\\/\\\/www.istaf-indoor.de\\\/en\\\/media-reports\\\/#primaryimage\",\"url\":\"https:\\\/\\\/img5.fotos-hochladen.net\\\/uploads\\\/indoorjpxenkgum9.jpg\",\"contentUrl\":\"https:\\\/\\\/img5.fotos-hochladen.net\\\/uploads\\\/indoorjpxenkgum9.jpg\"},{\"@type\":\"BreadcrumbList\",\"@id\":\"https:\\\/\\\/www.istaf-indoor.de\\\/en\\\/media-reports\\\/#breadcrumb\",\"itemListElement\":[{\"@type\":\"ListItem\",\"position\":1,\"name\":\"Startseite\",\"item\":\"https:\\\/\\\/www.istaf-indoor.de\\\/\"},{\"@type\":\"ListItem\",\"position\":2,\"name\":\"Media reports\"}]},{\"@type\":\"WebSite\",\"@id\":\"https:\\\/\\\/www.istaf-indoor.de\\\/#website\",\"url\":\"https:\\\/\\\/www.istaf-indoor.de\\\/\",\"name\":\"ISTAF INDOOR BERLIN\",\"description\":\"Das ISTAF-Meeting in der Mercedes-Benz-Arena\",\"publisher\":{\"@id\":\"https:\\\/\\\/www.istaf-indoor.de\\\/#organization\"},\"potentialAction\":[{\"@type\":\"SearchAction\",\"target\":{\"@type\":\"EntryPoint\",\"urlTemplate\":\"https:\\\/\\\/www.istaf-indoor.de\\\/?s={search_term_string}\"},\"query-input\":{\"@type\":\"PropertyValueSpecification\",\"valueRequired\":true,\"valueName\":\"search_term_string\"}}],\"inLanguage\":\"en-US\"},{\"@type\":\"Organization\",\"@id\":\"https:\\\/\\\/www.istaf-indoor.de\\\/#organization\",\"name\":\"ISTAF INDOOR\",\"url\":\"https:\\\/\\\/www.istaf-indoor.de\\\/\",\"logo\":{\"@type\":\"ImageObject\",\"inLanguage\":\"en-US\",\"@id\":\"https:\\\/\\\/www.istaf-indoor.de\\\/#\\\/schema\\\/logo\\\/image\\\/\",\"url\":\"https:\\\/\\\/www.istaf-indoor.de\\\/wp-content\\\/uploads\\\/2020\\\/01\\\/ISTAF-INDOOR-Logo.png\",\"contentUrl\":\"https:\\\/\\\/www.istaf-indoor.de\\\/wp-content\\\/uploads\\\/2020\\\/01\\\/ISTAF-INDOOR-Logo.png\",\"width\":280,\"height\":125,\"caption\":\"ISTAF INDOOR\"},\"image\":{\"@id\":\"https:\\\/\\\/www.istaf-indoor.de\\\/#\\\/schema\\\/logo\\\/image\\\/\"},\"sameAs\":[\"https:\\\/\\\/www.facebook.com\\\/istafindoor\",\"https:\\\/\\\/www.instagram.com\\\/istaf_indoor\\\/\",\"https:\\\/\\\/www.youtube.com\\\/channel\\\/UCkx5PGF8WwuLFflNcvkKFSQ\"]}]}<\/script>\n<!-- \/ Yoast SEO plugin. -->","yoast_head_json":{"title":"ISTAF INDOOR BERLIN - Media reports","robots":{"index":"index","follow":"follow","max-snippet":"max-snippet:-1","max-image-preview":"max-image-preview:large","max-video-preview":"max-video-preview:-1"},"canonical":"https:\/\/www.istaf-indoor.de\/en\/media-reports\/","og_locale":"en_US","og_type":"article","og_title":"ISTAF INDOOR BERLIN - Media reports","og_description":"Media reports (selection) &nbsp; ISTAF INDOOR 2016 &nbsp; ARD || Sportschau vom 14.02.2016 [22 Min.] &#8211; ISTAF Indoor: Harting mit Comeback-Sieg, Wester springt allen davon || (Quelle: ARD Mediathek) ZDF || Aktuelles Sportstudio vom 20.02.2016 [6 Min] &#8211; Wester: Noch nicht der perfekte Sprung || (Quelle: ZDF Mediathek) &nbsp; Pressespiegel ISTAF INDOOR 2016 ISTAF INDOOR [&hellip;]","og_url":"https:\/\/www.istaf-indoor.de\/en\/media-reports\/","og_site_name":"ISTAF INDOOR BERLIN","article_publisher":"https:\/\/www.facebook.com\/istafindoor","og_image":[{"url":"https:\/\/img5.fotos-hochladen.net\/uploads\/indoorjpxenkgum9.jpg","type":"","width":"","height":""}],"twitter_card":"summary_large_image","twitter_misc":{"Est. reading time":"2 minutes"},"schema":{"@context":"https:\/\/schema.org","@graph":[{"@type":"WebPage","@id":"https:\/\/www.istaf-indoor.de\/en\/media-reports\/","url":"https:\/\/www.istaf-indoor.de\/en\/media-reports\/","name":"ISTAF INDOOR BERLIN - Media reports","isPartOf":{"@id":"https:\/\/www.istaf-indoor.de\/#website"},"primaryImageOfPage":{"@id":"https:\/\/www.istaf-indoor.de\/en\/media-reports\/#primaryimage"},"image":{"@id":"https:\/\/www.istaf-indoor.de\/en\/media-reports\/#primaryimage"},"thumbnailUrl":"https:\/\/img5.fotos-hochladen.net\/uploads\/indoorjpxenkgum9.jpg","datePublished":"2018-10-18T07:28:30+00:00","breadcrumb":{"@id":"https:\/\/www.istaf-indoor.de\/en\/media-reports\/#breadcrumb"},"inLanguage":"en-US","potentialAction":[{"@type":"ReadAction","target":["https:\/\/www.istaf-indoor.de\/en\/media-reports\/"]}]},{"@type":"ImageObject","inLanguage":"en-US","@id":"https:\/\/www.istaf-indoor.de\/en\/media-reports\/#primaryimage","url":"https:\/\/img5.fotos-hochladen.net\/uploads\/indoorjpxenkgum9.jpg","contentUrl":"https:\/\/img5.fotos-hochladen.net\/uploads\/indoorjpxenkgum9.jpg"},{"@type":"BreadcrumbList","@id":"https:\/\/www.istaf-indoor.de\/en\/media-reports\/#breadcrumb","itemListElement":[{"@type":"ListItem","position":1,"name":"Startseite","item":"https:\/\/www.istaf-indoor.de\/"},{"@type":"ListItem","position":2,"name":"Media reports"}]},{"@type":"WebSite","@id":"https:\/\/www.istaf-indoor.de\/#website","url":"https:\/\/www.istaf-indoor.de\/","name":"ISTAF INDOOR BERLIN","description":"Das ISTAF-Meeting in der Mercedes-Benz-Arena","publisher":{"@id":"https:\/\/www.istaf-indoor.de\/#organization"},"potentialAction":[{"@type":"SearchAction","target":{"@type":"EntryPoint","urlTemplate":"https:\/\/www.istaf-indoor.de\/?s={search_term_string}"},"query-input":{"@type":"PropertyValueSpecification","valueRequired":true,"valueName":"search_term_string"}}],"inLanguage":"en-US"},{"@type":"Organization","@id":"https:\/\/www.istaf-indoor.de\/#organization","name":"ISTAF INDOOR","url":"https:\/\/www.istaf-indoor.de\/","logo":{"@type":"ImageObject","inLanguage":"en-US","@id":"https:\/\/www.istaf-indoor.de\/#\/schema\/logo\/image\/","url":"https:\/\/www.istaf-indoor.de\/wp-content\/uploads\/2020\/01\/ISTAF-INDOOR-Logo.png","contentUrl":"https:\/\/www.istaf-indoor.de\/wp-content\/uploads\/2020\/01\/ISTAF-INDOOR-Logo.png","width":280,"height":125,"caption":"ISTAF INDOOR"},"image":{"@id":"https:\/\/www.istaf-indoor.de\/#\/schema\/logo\/image\/"},"sameAs":["https:\/\/www.facebook.com\/istafindoor","https:\/\/www.instagram.com\/istaf_indoor\/","https:\/\/www.youtube.com\/channel\/UCkx5PGF8WwuLFflNcvkKFSQ"]}]}},"_links":{"self":[{"href":"https:\/\/www.istaf-indoor.de\/en\/wp-json\/wp\/v2\/pages\/5154","targetHints":{"allow":["GET"]}}],"collection":[{"href":"https:\/\/www.istaf-indoor.de\/en\/wp-json\/wp\/v2\/pages"}],"about":[{"href":"https:\/\/www.istaf-indoor.de\/en\/wp-json\/wp\/v2\/types\/page"}],"author":[{"embeddable":true,"href":"https:\/\/www.istaf-indoor.de\/en\/wp-json\/wp\/v2\/users\/151"}],"replies":[{"embeddable":true,"href":"https:\/\/www.istaf-indoor.de\/en\/wp-json\/wp\/v2\/comments?post=5154"}],"version-history":[{"count":0,"href":"https:\/\/www.istaf-indoor.de\/en\/wp-json\/wp\/v2\/pages\/5154\/revisions"}],"wp:attachment":[{"href":"https:\/\/www.istaf-indoor.de\/en\/wp-json\/wp\/v2\/media?parent=5154"}],"curies":[{"name":"wp","href":"https:\/\/api.w.org\/{rel}","templated":true}]}}