{"id":4803,"date":"2014-05-15T11:41:23","date_gmt":"2014-05-15T09:41:23","guid":{"rendered":"http:\/\/www.istaf-indoor.de\/?page_id=4803"},"modified":"2020-02-01T12:46:25","modified_gmt":"2020-02-01T10:46:25","slug":"zitate-athleten","status":"publish","type":"page","link":"https:\/\/www.istaf-indoor.de\/en\/zitate-athleten\/","title":{"rendered":"Athletes&#8217; Quotes"},"content":{"rendered":"<p>[et_pb_section fb_built=&#8221;1&#8243; _builder_version=&#8221;3.22&#8243;][et_pb_row column_structure=&#8221;1_2,1_2&#8243; _builder_version=&#8221;3.25&#8243; background_size=&#8221;initial&#8221; background_position=&#8221;top_left&#8221; background_repeat=&#8221;repeat&#8221;][et_pb_column type=&#8221;1_2&#8243; _builder_version=&#8221;3.25&#8243; custom_padding=&#8221;|||&#8221; custom_padding__hover=&#8221;|||&#8221;][et_pb_text module_class=&#8221;speech-bubble-wrap&#8221; _builder_version=&#8221;4.1&#8243; background_size=&#8221;initial&#8221; background_position=&#8221;top_left&#8221; background_repeat=&#8221;repeat&#8221; custom_padding=&#8221;0px||||false|false&#8221;]<\/p>\n<blockquote class=\"speech-bubble\">\n<p>This was the best meeting I have ever been to. Other meetings should copy that style. This leads athletics to a whole new level!<\/p>\n<\/blockquote>\n<p class=\"bubble-author\">Sally Pearson<\/p>\n<p class=\"bubble-author\"><cite>(H\u00fcrdensprint, Olympiasiegerin 2012)<\/cite><\/p>\n<p>[\/et_pb_text][et_pb_text module_class=&#8221;speech-bubble-wrap&#8221; _builder_version=&#8221;4.1&#8243; background_size=&#8221;initial&#8221; background_position=&#8221;top_left&#8221; background_repeat=&#8221;repeat&#8221;]<\/p>\n<blockquote class=\"speech-bubble\">\n<p>Es ist eine atemberaubende Atmosph\u00e4re gewesen. Die Zuschauer waren so nah dran, es war wahnsinnig laut und macht riesig Spa\u00df. Ich bin gl\u00fccklich, dass ich das erleben durfte. Hoffentlich gibt es das im n\u00e4chsten Jahr wieder.<\/p>\n<\/blockquote>\n<p class=\"bubble-author\">Martin Wierig<\/p>\n<p class=\"bubble-author\"><cite>(Diskus, WM-Vierter 2013)<\/cite><\/p>\n<p>[\/et_pb_text][et_pb_text module_class=&#8221;speech-bubble-wrap&#8221; _builder_version=&#8221;4.1&#8243; background_size=&#8221;initial&#8221; background_position=&#8221;top_left&#8221; background_repeat=&#8221;repeat&#8221;]<\/p>\n<blockquote class=\"speech-bubble\">\n<p>This competition is very different, it is more like a concert. 12.000 people &#8211; awesome. I love this meeting.<\/p>\n<\/blockquote>\n<p class=\"bubble-author\">Kim Collins<\/p>\n<p class=\"bubble-author\"><cite>(Sprint, Weltmeister 2003)<\/cite><\/p>\n<p>[\/et_pb_text][et_pb_text module_class=&#8221;speech-bubble-wrap&#8221; _builder_version=&#8221;4.1&#8243; background_size=&#8221;initial&#8221; background_position=&#8221;top_left&#8221; background_repeat=&#8221;repeat&#8221;]<\/p>\n<blockquote class=\"speech-bubble\">\n<p>Die Atmosph\u00e4re ist bombastisch, ein besseres Meeting kann man nicht machen.<\/p>\n<\/blockquote>\n<p class=\"bubble-author\">Cindy Roleder<\/p>\n<p class=\"bubble-author\"><cite>(60m H\u00fcrden, Siegerin 2015)<\/cite><\/p>\n<p>[\/et_pb_text][et_pb_text module_class=&#8221;speech-bubble-wrap&#8221; _builder_version=&#8221;4.1&#8243; background_size=&#8221;initial&#8221; background_position=&#8221;top_left&#8221; background_repeat=&#8221;repeat&#8221;]<\/p>\n<blockquote class=\"speech-bubble\">\n<p>Hier ist es toll, so viele Zuschauer bei einer Leichtathletikveranstaltung, das motiviert mich. <br \/>Das ist G\u00e4nsehautfeeling. Und meine Familie ist auch hier,\u00a0 da macht alles noch mehr Spa\u00df.<\/p>\n<\/blockquote>\n<p class=\"bubble-author\">Erik Balnuweit<\/p>\n<p class=\"bubble-author\"><cite>(60m H\u00fcrden, F\u00fcnfter 2015)<\/cite><\/p>\n<p>[\/et_pb_text][\/et_pb_column][et_pb_column type=&#8221;1_2&#8243; _builder_version=&#8221;3.25&#8243; custom_padding=&#8221;|||&#8221; custom_padding__hover=&#8221;|||&#8221;][et_pb_text module_class=&#8221;speech-bubble-wrap&#8221; _builder_version=&#8221;4.1&#8243; background_size=&#8221;initial&#8221; background_position=&#8221;top_left&#8221; background_repeat=&#8221;repeat&#8221; custom_margin=&#8221;50px||||false|false&#8221; custom_margin_tablet=&#8221;0px||||false|false&#8221; custom_margin_phone=&#8221;&#8221; custom_margin_last_edited=&#8221;on|desktop&#8221;]<\/p>\n<blockquote class=\"speech-bubble\">\n<p>Es ist so geil hier. Dieses Event ist f\u00fcr alle Beteiligten eine tolle Bereicherung. Die Leichtathletik braucht das, sie muss sich in diese neue Richtung weiterentwickeln. Ich hatte noch Minuten nach dem Lauf G\u00e4nsehaut.<\/p>\n<\/blockquote>\n<p class=\"bubble-author\">Verena Sailer<\/p>\n<p class=\"bubble-author\"><cite>(Sprint, Europameisterin 2012, 2010)<\/cite><\/p>\n<p>[\/et_pb_text][et_pb_text module_class=&#8221;speech-bubble-wrap&#8221; _builder_version=&#8221;4.1&#8243; background_size=&#8221;initial&#8221; background_position=&#8221;top_left&#8221; background_repeat=&#8221;repeat&#8221; custom_margin=&#8221;50px||||false|false&#8221; custom_margin_tablet=&#8221;0px||||false|false&#8221; custom_margin_phone=&#8221;&#8221; custom_margin_last_edited=&#8221;on|desktop&#8221;]<\/p>\n<blockquote class=\"speech-bubble\">\n<p>Die Atmosph\u00e4re war riesig! Dadurch, dass die Zuschauer am Rand viel n\u00e4her dran sind, konnte eine super Stimmung entstehen.<\/p>\n<\/blockquote>\n<p class=\"bubble-author\">David Storl<\/p>\n<p class=\"bubble-author\"><cite>(Kugel, Weltmeister 2011, 2013)<\/cite><\/p>\n<p>[\/et_pb_text][et_pb_text module_class=&#8221;speech-bubble-wrap&#8221; _builder_version=&#8221;4.1&#8243; background_size=&#8221;initial&#8221; background_position=&#8221;top_left&#8221; background_repeat=&#8221;repeat&#8221; custom_margin=&#8221;50px||||false|false&#8221; custom_margin_tablet=&#8221;0px||||false|false&#8221; custom_margin_phone=&#8221;&#8221; custom_margin_last_edited=&#8221;on|desktop&#8221;]<\/p>\n<blockquote class=\"speech-bubble\">\n<p>Die Leute hier haben ihren Anteil an meiner Bestleistung gehabt. So etwas habe ich noch nie erlebt. Es waren perfekte Bedingungen.<\/p>\n<\/blockquote>\n<p class=\"bubble-author\">Malte Mohr<\/p>\n<p class=\"bubble-author\"><cite>(Stabhochsprung, Vize-Hallenweltmeister 2014)<\/cite><\/p>\n<p>[\/et_pb_text][et_pb_text module_class=&#8221;speech-bubble-wrap&#8221; _builder_version=&#8221;4.1&#8243; background_size=&#8221;initial&#8221; background_position=&#8221;top_left&#8221; background_repeat=&#8221;repeat&#8221; custom_margin=&#8221;50px||||false|false&#8221; custom_margin_tablet=&#8221;0px||||false|false&#8221; custom_margin_phone=&#8221;&#8221; custom_margin_last_edited=&#8221;on|desktop&#8221;]<\/p>\n<blockquote class=\"speech-bubble\">\n<p>This is my first indoor season ever and the first start in such a great arena. I am so amazed I think I will do indoor meetings every year now.<\/p>\n<\/blockquote>\n<p class=\"bubble-author\">Orlando Ortega<\/p>\n<p class=\"bubble-author\"><cite>(60m H\u00fcrden, Sieger 2015)<\/cite><\/p>\n<p>[\/et_pb_text][et_pb_text module_class=&#8221;speech-bubble-wrap&#8221; _builder_version=&#8221;4.1&#8243; background_size=&#8221;initial&#8221; background_position=&#8221;top_left&#8221; background_repeat=&#8221;repeat&#8221; custom_margin=&#8221;50px||||false|false&#8221; custom_margin_tablet=&#8221;0px||||false|false&#8221; custom_margin_phone=&#8221;&#8221; custom_margin_last_edited=&#8221;on|desktop&#8221;]<\/p>\n<blockquote class=\"speech-bubble\">\n<p>Dieser L\u00e4rm hier setzt Adrenalin frei. Man vergisst das eine oder andere Zwicken in den Beinen und kann einfach nur genie\u00dfen. Auch die Sprinter anderer Nationen genie\u00dfen es hier und kommen gerne her. Wir haben sehr viel Spa\u00df gehabt.<\/p>\n<\/blockquote>\n<p class=\"bubble-author\">Lucas Jakubczyk<\/p>\n<p class=\"bubble-author\"><cite>(Dritter 2015)<\/cite><\/p>\n<p>[\/et_pb_text][\/et_pb_column][\/et_pb_row][\/et_pb_section]<\/p>\n","protected":false},"excerpt":{"rendered":"<p>This was the best meeting I have ever been to. Other meetings should copy that style. This leads athletics to a whole new level! Sally Pearson (H\u00fcrdensprint, Olympiasiegerin 2012)Es ist eine atemberaubende Atmosph\u00e4re gewesen. Die Zuschauer waren so nah dran, es war wahnsinnig laut und macht riesig Spa\u00df. Ich bin gl\u00fccklich, dass ich das erleben [&hellip;]<\/p>\n","protected":false},"author":151,"featured_media":0,"parent":0,"menu_order":0,"comment_status":"closed","ping_status":"open","template":"","meta":{"_et_pb_use_builder":"on","_et_pb_old_content":"<ul>\r\n \t<li><a href=\"https:\/\/#\">\u00a0\"This was the best meeting I have ever been to.\r\nOther meetings should copy that style.\r\nThis leads athletics to a whole new level!\"\r\n<em>Sally Pearson (H\u00fcrdensprint, Olympiasiegerin 2012)<\/em><\/a><\/li>\r\n \t<li><a href=\"https:\/\/#\">\"Es ist so geil hier. Dieses Event ist f\u00fcr alle\r\nBeteiligten eine tolle Bereicherung.Die Leichtathletik braucht das,\r\nsie muss sich in diese neue Richtung weiterentwickeln.\r\nIch hatte noch Minuten nach dem Lauf G\u00e4nsehaut.\"\r\n<em>Verena Sailer (Sprint, Europameisterin 2012, 2010)<\/em><\/a><\/li>\r\n \t<li><a href=\"https:\/\/#\">\"Es ist eine atemberaubende Atmosph\u00e4re gewesen.\r\nDie Zuschauer waren so nah dran, es war wahnsinnig laut und macht riesig Spa\u00df.\r\nIch bin gl\u00fccklich, dass ich das erleben durfte. Hoffentlich gibt es das im n\u00e4chsten Jahr wieder.\"\r\n<em>Martin Wierig (Diskus, WM-Vierter 2013)<\/em><\/a><\/li>\r\n \t<li><a href=\"https:\/\/#\">\"Die Atmosph\u00e4re war riesig!\r\nDadurch, dass die Zuschauer am Rand viel n\u00e4her dran sind,\r\nkonnte eine super Stimmung entstehen.\"\r\n<em>David Storl (Kugel, Weltmeister 2011, 2013)<\/em><\/a><\/li>\r\n \t<li><a href=\"https:\/\/#\">\"The atmosphere was incredible!\"\r\n<em>Kim Collins (Sprint, Weltmeister 2003)<\/em><\/a><\/li>\r\n \t<li><a href=\"https:\/\/#\">\"Die Leute hier haben ihren Anteil an meiner Bestleistung gehabt.\r\nSo etwas habe ich noch nie erlebt. Es waren perfekte Bedingungen.\"\r\n<em>Malte Mohr (Stabhochsprung, Vize-Hallenweltmeister 2014)<\/em><\/a><\/li>\r\n \t<li><a href=\"https:\/\/#\">\"Die Atmosph\u00e4re ist bombastisch, ein besseres Meeting kann man nicht machen.\"\r\n<em>Cindy Roleder (60m H\u00fcrden, Siegerin 2015)<\/em><\/a><\/li>\r\n \t<li><a href=\"https:\/\/#\">\"This is my first indoor season ever and the first start in such a great arena.\r\nI am so amazed I think I will do indoor meetings every year now.\"\r\n<em>Orlando Ortega (60m H\u00fcrden, Sieger 2015)<\/em><\/a><\/li>\r\n \t<li><a href=\"https:\/\/#\">\"Hier ist es toll, so viele Zuschauer\r\nbei einer Leichtathletikveranstaltung, das motiviert mich.\r\nDas ist G\u00e4nsehautfeeling. Und meine Familie ist auch hier,\r\nda macht alles noch mehr Spa\u00df.\"\r\n<em>Erik Balnuweit (60m H\u00fcrden, F\u00fcnfter 2015)<\/em><\/a><\/li>\r\n \t<li><a href=\"https:\/\/#\">\"Das ISTAF INDOOR ist echt ein cooles Meeting, hier wird\r\necht was auf die Beine gestellt. Das tut der Leichtathletik einfach gut.\r\nUnd die ganzen Weltklasseathleten wollen ja auch kommen - das ist der beste Beweis.\"\r\n<em>Verena Sailer (60m Sprint, Vierte 2015)<\/em><\/a><\/li>\r\n \t<li><a href=\"https:\/\/#\">\"This competition is very different, it is more like a concert.\r\n12.000 people - awesome. I love this meeting.\"\r\n<em>Kim Collins (60m Sprint, Sieger 2015)<\/em><\/a><\/li>\r\n \t<li><a href=\"https:\/\/#\">\"Dieser L\u00e4rm hier setzt Adrenalin frei. Man vergisst das eine\r\noder andere Zwicken in den Beinen und kann einfach nur genie\u00dfen.\r\nAuch die Sprinter anderer Nationen genie\u00dfen es hier und kommen\r\ngerne her. Wir haben sehr viel Spa\u00df gehabt.\"\r\n<em>Lucas Jakubczyk (60m Sprint, Dritter 2015)<\/em><\/a><\/li>\r\n \t<li><a href=\"https:\/\/#\">\"I am very satisfied, it was a great competition,\r\nI could do everything like I planned it. It was the first time that I\r\ncould jump over 6 meters three times in a row and then I could\r\nalso try the world record. It was a real pleasure.\"\r\n<em>Renaud Lavillenie (Stabhochsprung, Weltrekordhalter & Sieger 2015)<\/em><\/a><\/li>\r\n \t<li><a href=\"https:\/\/#\">\"My manager Mr. Wagner told me I was going to love\r\nthis meeting and he was right. I just did not expect it like this.\r\nThis show, those fires and lights - it was a great experience.\"\r\n<em>Funmi Jimoh (Weitsprung, Siegerin 2015)<\/em><\/a><\/li>\r\n<\/ul>","_et_gb_content_width":"","footnotes":""},"class_list":["post-4803","page","type-page","status-publish","hentry"],"yoast_head":"<!-- This site is optimized with the Yoast SEO plugin v27.3 - https:\/\/yoast.com\/product\/yoast-seo-wordpress\/ -->\n<title>ISTAF INDOOR BERLIN - Athletes&#039; Quotes<\/title>\n<meta name=\"robots\" content=\"index, follow, max-snippet:-1, max-image-preview:large, max-video-preview:-1\" \/>\n<link rel=\"canonical\" href=\"https:\/\/www.istaf-indoor.de\/en\/zitate-athleten\/\" \/>\n<meta property=\"og:locale\" content=\"en_US\" \/>\n<meta property=\"og:type\" content=\"article\" \/>\n<meta property=\"og:title\" content=\"ISTAF INDOOR BERLIN - Athletes&#039; Quotes\" \/>\n<meta property=\"og:description\" content=\"This was the best meeting I have ever been to. Other meetings should copy that style. This leads athletics to a whole new level! Sally Pearson (H\u00fcrdensprint, Olympiasiegerin 2012)Es ist eine atemberaubende Atmosph\u00e4re gewesen. Die Zuschauer waren so nah dran, es war wahnsinnig laut und macht riesig Spa\u00df. Ich bin gl\u00fccklich, dass ich das erleben [&hellip;]\" \/>\n<meta property=\"og:url\" content=\"https:\/\/www.istaf-indoor.de\/en\/zitate-athleten\/\" \/>\n<meta property=\"og:site_name\" content=\"ISTAF INDOOR BERLIN\" \/>\n<meta property=\"article:publisher\" content=\"https:\/\/www.facebook.com\/istafindoor\" \/>\n<meta property=\"article:modified_time\" content=\"2020-02-01T10:46:25+00:00\" \/>\n<meta name=\"twitter:card\" content=\"summary_large_image\" \/>\n<meta name=\"twitter:label1\" content=\"Est. reading time\" \/>\n\t<meta name=\"twitter:data1\" content=\"3 minutes\" \/>\n<script type=\"application\/ld+json\" class=\"yoast-schema-graph\">{\"@context\":\"https:\\\/\\\/schema.org\",\"@graph\":[{\"@type\":\"WebPage\",\"@id\":\"https:\\\/\\\/www.istaf-indoor.de\\\/en\\\/zitate-athleten\\\/\",\"url\":\"https:\\\/\\\/www.istaf-indoor.de\\\/en\\\/zitate-athleten\\\/\",\"name\":\"ISTAF INDOOR BERLIN - Athletes' Quotes\",\"isPartOf\":{\"@id\":\"https:\\\/\\\/www.istaf-indoor.de\\\/#website\"},\"datePublished\":\"2014-05-15T09:41:23+00:00\",\"dateModified\":\"2020-02-01T10:46:25+00:00\",\"breadcrumb\":{\"@id\":\"https:\\\/\\\/www.istaf-indoor.de\\\/en\\\/zitate-athleten\\\/#breadcrumb\"},\"inLanguage\":\"en-US\",\"potentialAction\":[{\"@type\":\"ReadAction\",\"target\":[\"https:\\\/\\\/www.istaf-indoor.de\\\/en\\\/zitate-athleten\\\/\"]}]},{\"@type\":\"BreadcrumbList\",\"@id\":\"https:\\\/\\\/www.istaf-indoor.de\\\/en\\\/zitate-athleten\\\/#breadcrumb\",\"itemListElement\":[{\"@type\":\"ListItem\",\"position\":1,\"name\":\"Startseite\",\"item\":\"https:\\\/\\\/www.istaf-indoor.de\\\/\"},{\"@type\":\"ListItem\",\"position\":2,\"name\":\"Athletes&#8217; Quotes\"}]},{\"@type\":\"WebSite\",\"@id\":\"https:\\\/\\\/www.istaf-indoor.de\\\/#website\",\"url\":\"https:\\\/\\\/www.istaf-indoor.de\\\/\",\"name\":\"ISTAF INDOOR BERLIN\",\"description\":\"Das ISTAF-Meeting in der Mercedes-Benz-Arena\",\"publisher\":{\"@id\":\"https:\\\/\\\/www.istaf-indoor.de\\\/#organization\"},\"potentialAction\":[{\"@type\":\"SearchAction\",\"target\":{\"@type\":\"EntryPoint\",\"urlTemplate\":\"https:\\\/\\\/www.istaf-indoor.de\\\/?s={search_term_string}\"},\"query-input\":{\"@type\":\"PropertyValueSpecification\",\"valueRequired\":true,\"valueName\":\"search_term_string\"}}],\"inLanguage\":\"en-US\"},{\"@type\":\"Organization\",\"@id\":\"https:\\\/\\\/www.istaf-indoor.de\\\/#organization\",\"name\":\"ISTAF INDOOR\",\"url\":\"https:\\\/\\\/www.istaf-indoor.de\\\/\",\"logo\":{\"@type\":\"ImageObject\",\"inLanguage\":\"en-US\",\"@id\":\"https:\\\/\\\/www.istaf-indoor.de\\\/#\\\/schema\\\/logo\\\/image\\\/\",\"url\":\"https:\\\/\\\/www.istaf-indoor.de\\\/wp-content\\\/uploads\\\/2020\\\/01\\\/ISTAF-INDOOR-Logo.png\",\"contentUrl\":\"https:\\\/\\\/www.istaf-indoor.de\\\/wp-content\\\/uploads\\\/2020\\\/01\\\/ISTAF-INDOOR-Logo.png\",\"width\":280,\"height\":125,\"caption\":\"ISTAF INDOOR\"},\"image\":{\"@id\":\"https:\\\/\\\/www.istaf-indoor.de\\\/#\\\/schema\\\/logo\\\/image\\\/\"},\"sameAs\":[\"https:\\\/\\\/www.facebook.com\\\/istafindoor\",\"https:\\\/\\\/www.instagram.com\\\/istaf_indoor\\\/\",\"https:\\\/\\\/www.youtube.com\\\/channel\\\/UCkx5PGF8WwuLFflNcvkKFSQ\"]}]}<\/script>\n<!-- \/ Yoast SEO plugin. -->","yoast_head_json":{"title":"ISTAF INDOOR BERLIN - Athletes' Quotes","robots":{"index":"index","follow":"follow","max-snippet":"max-snippet:-1","max-image-preview":"max-image-preview:large","max-video-preview":"max-video-preview:-1"},"canonical":"https:\/\/www.istaf-indoor.de\/en\/zitate-athleten\/","og_locale":"en_US","og_type":"article","og_title":"ISTAF INDOOR BERLIN - Athletes' Quotes","og_description":"This was the best meeting I have ever been to. Other meetings should copy that style. This leads athletics to a whole new level! Sally Pearson (H\u00fcrdensprint, Olympiasiegerin 2012)Es ist eine atemberaubende Atmosph\u00e4re gewesen. Die Zuschauer waren so nah dran, es war wahnsinnig laut und macht riesig Spa\u00df. Ich bin gl\u00fccklich, dass ich das erleben [&hellip;]","og_url":"https:\/\/www.istaf-indoor.de\/en\/zitate-athleten\/","og_site_name":"ISTAF INDOOR BERLIN","article_publisher":"https:\/\/www.facebook.com\/istafindoor","article_modified_time":"2020-02-01T10:46:25+00:00","twitter_card":"summary_large_image","twitter_misc":{"Est. reading time":"3 minutes"},"schema":{"@context":"https:\/\/schema.org","@graph":[{"@type":"WebPage","@id":"https:\/\/www.istaf-indoor.de\/en\/zitate-athleten\/","url":"https:\/\/www.istaf-indoor.de\/en\/zitate-athleten\/","name":"ISTAF INDOOR BERLIN - Athletes' Quotes","isPartOf":{"@id":"https:\/\/www.istaf-indoor.de\/#website"},"datePublished":"2014-05-15T09:41:23+00:00","dateModified":"2020-02-01T10:46:25+00:00","breadcrumb":{"@id":"https:\/\/www.istaf-indoor.de\/en\/zitate-athleten\/#breadcrumb"},"inLanguage":"en-US","potentialAction":[{"@type":"ReadAction","target":["https:\/\/www.istaf-indoor.de\/en\/zitate-athleten\/"]}]},{"@type":"BreadcrumbList","@id":"https:\/\/www.istaf-indoor.de\/en\/zitate-athleten\/#breadcrumb","itemListElement":[{"@type":"ListItem","position":1,"name":"Startseite","item":"https:\/\/www.istaf-indoor.de\/"},{"@type":"ListItem","position":2,"name":"Athletes&#8217; Quotes"}]},{"@type":"WebSite","@id":"https:\/\/www.istaf-indoor.de\/#website","url":"https:\/\/www.istaf-indoor.de\/","name":"ISTAF INDOOR BERLIN","description":"Das ISTAF-Meeting in der Mercedes-Benz-Arena","publisher":{"@id":"https:\/\/www.istaf-indoor.de\/#organization"},"potentialAction":[{"@type":"SearchAction","target":{"@type":"EntryPoint","urlTemplate":"https:\/\/www.istaf-indoor.de\/?s={search_term_string}"},"query-input":{"@type":"PropertyValueSpecification","valueRequired":true,"valueName":"search_term_string"}}],"inLanguage":"en-US"},{"@type":"Organization","@id":"https:\/\/www.istaf-indoor.de\/#organization","name":"ISTAF INDOOR","url":"https:\/\/www.istaf-indoor.de\/","logo":{"@type":"ImageObject","inLanguage":"en-US","@id":"https:\/\/www.istaf-indoor.de\/#\/schema\/logo\/image\/","url":"https:\/\/www.istaf-indoor.de\/wp-content\/uploads\/2020\/01\/ISTAF-INDOOR-Logo.png","contentUrl":"https:\/\/www.istaf-indoor.de\/wp-content\/uploads\/2020\/01\/ISTAF-INDOOR-Logo.png","width":280,"height":125,"caption":"ISTAF INDOOR"},"image":{"@id":"https:\/\/www.istaf-indoor.de\/#\/schema\/logo\/image\/"},"sameAs":["https:\/\/www.facebook.com\/istafindoor","https:\/\/www.instagram.com\/istaf_indoor\/","https:\/\/www.youtube.com\/channel\/UCkx5PGF8WwuLFflNcvkKFSQ"]}]}},"_links":{"self":[{"href":"https:\/\/www.istaf-indoor.de\/en\/wp-json\/wp\/v2\/pages\/4803","targetHints":{"allow":["GET"]}}],"collection":[{"href":"https:\/\/www.istaf-indoor.de\/en\/wp-json\/wp\/v2\/pages"}],"about":[{"href":"https:\/\/www.istaf-indoor.de\/en\/wp-json\/wp\/v2\/types\/page"}],"author":[{"embeddable":true,"href":"https:\/\/www.istaf-indoor.de\/en\/wp-json\/wp\/v2\/users\/151"}],"replies":[{"embeddable":true,"href":"https:\/\/www.istaf-indoor.de\/en\/wp-json\/wp\/v2\/comments?post=4803"}],"version-history":[{"count":0,"href":"https:\/\/www.istaf-indoor.de\/en\/wp-json\/wp\/v2\/pages\/4803\/revisions"}],"wp:attachment":[{"href":"https:\/\/www.istaf-indoor.de\/en\/wp-json\/wp\/v2\/media?parent=4803"}],"curies":[{"name":"wp","href":"https:\/\/api.w.org\/{rel}","templated":true}]}}