{"id":4794,"date":"2017-11-08T12:05:28","date_gmt":"2017-11-08T10:05:28","guid":{"rendered":"http:\/\/www.istaf-indoor.de\/?page_id=4794"},"modified":"2020-02-01T16:51:27","modified_gmt":"2020-02-01T14:51:27","slug":"imprint","status":"publish","type":"page","link":"https:\/\/www.istaf-indoor.de\/en\/imprint\/","title":{"rendered":"Imprint"},"content":{"rendered":"<h2>TOP Sportevents GmbH<\/h2>\n<p>Olympiapark Berlin<br \/>\nHanns-Braun-Str. Friesenhaus I<br \/>\n14053 Berlin<br \/>\nGermany<\/p>\n<p>Fon: +49 (0)30 30 111 86 0<br \/>\nFax: +49 (0)30 30 111 86 20<\/p>\n<p>The following information is required under German law.<\/p>\n<h3>Vertretungsberechtigter Gesch\u00e4ftsf\u00fchrer:<\/h3>\n<p>Registernummer: HRB 77947 B, Amtsgericht Charlottenburg<\/p>\n<p>Umsatzsteuer-Identifikationsnummer gem\u00e4\u00df \u00a7 27 a Umsatzsteuergesetz: DE279554396<\/p>\n<p>Inhaltlich Verantwortlicher gem\u00e4\u00df \u00a7 55 Absatz 2 MDStV: Martin Seeber (Anschrift wie oben)<\/p>\n<p>&nbsp;<\/p>\n<h2>Concept, Design, Administration:<\/h2>\n<p>TOP Sportevents GmbH<\/p>\n<p>&nbsp;<\/p>\n<h2>Haftungsausschluss | Disclaimer<\/h2>\n<h3>1. Inhalt des Onlineangebotes<\/h3>\n<p>TOP Sportevents GmbH \u00fcbernimmt keinerlei Gew\u00e4hr f\u00fcr die\u00a0Aktualit\u00e4t, Korrektheit, Vollst\u00e4ndigkeit oder Qualit\u00e4t der bereitgestellten\u00a0Informationen. Haftungsanspr\u00fcche gegen TOP Sportevents GmbH,\u00a0welche sich auf Sch\u00e4den materieller oder ideeller Art beziehen, die durch die\u00a0Nutzung oder Nichtnutzung der dargebotenen Informationen bzw. durch die\u00a0Nutzung fehlerhafter und unvollst\u00e4ndiger Informationen verursacht wurden,\u00a0sind grunds\u00e4tzlich ausgeschlossen, sofern seitens der TOP Sportmarketing\u00a0Berlin GmbH kein nachweislich vors\u00e4tzliches oder grob fahrl\u00e4ssiges\u00a0Verschulden vorliegt.<\/p>\n<p>Alle Angebote sind freibleibend und unverbindlich. TOP Sportevents GmbH\u00a0beh\u00e4lt es sich ausdr\u00fccklich vor, Teile der Seiten oder das gesamte Angebot\u00a0ohne gesonderte Ank\u00fcndigung zu ver\u00e4ndern, zu erg\u00e4nzen,\u00a0zu l\u00f6schen oder die Ver\u00f6ffentlichung zeitweise oder endg\u00fcltig einzustellen.<\/p>\n<h3>2. Verweise und Links<\/h3>\n<p>Bei direkten oder indirekten Verweisen auf fremde Webseiten (&#8220;Hyperlinks&#8221;),\u00a0die au\u00dferhalb des Verantwortungsbereiches der TOP Sportevents GmbH liegen,\u00a0w\u00fcrde eine Haftungsverpflichtung ausschlie\u00dflich in dem Fall in Kraft treten,\u00a0in dem TOP Sportevents GmbH von den Inhalten Kenntnis hat und es ihm\u00a0technisch m\u00f6glich und zumutbar w\u00e4re, die Nutzung\u00a0im Falle rechtswidriger Inhalte zu verhindern.TOP Sportevents GmbH erkl\u00e4rt hiermit ausdr\u00fccklich, dass zum\u00a0Zeitpunkt der Linksetzung keine illegalen Inhalte auf den zu verlinkenden\u00a0Seiten erkennbar waren. Auf die aktuelle und zuk\u00fcnftige Gestaltung, die\u00a0Inhalte oder die Urheberschaft der verlinkten\/verkn\u00fcpften Seiten hat\u00a0TOP Sportevents GmbH keinerlei Einfluss. Deshalb distanziert sie sich hiermit\u00a0ausdr\u00fccklich von allen Inhalten aller verlinkten \/verkn\u00fcpften Seiten,\u00a0die nach der Linksetzung ver\u00e4ndert wurden. Diese Feststellung gilt f\u00fcr alle\u00a0innerhalb des eigenen Internetangebotes gesetzten Links und Verweise sowie\u00a0f\u00fcr Fremdeintr\u00e4ge in von TOP Sportevents GmbH eingerichteten\u00a0G\u00e4steb\u00fcchern, Diskussionsforen, Linkverzeichnissen, Mailinglisten und in\u00a0allen anderen Formen von Datenbanken, auf deren Inhalt externe Schreibzugriffe m\u00f6glich sind. F\u00fcr illegale, fehlerhafte oder unvollst\u00e4ndige Inhalte\u00a0und insbesondere f\u00fcr Sch\u00e4den, die aus der Nutzung oder Nichtnutzung\u00a0solcherart dargebotener Informationen entstehen, haftet allein der Anbieter\u00a0der Seite, auf welche verwiesen wurde, nicht derjenige, der \u00fcber Links\u00a0auf die jeweilige Ver\u00f6ffentlichung lediglich verweist.<\/p>\n<h3>3. Urheber- und Kennzeichenrecht<\/h3>\n<p>TOP Sportevents GmbH ist bestrebt, in allen Publikationen\u00a0die Urheberrechte der verwendeten Bilder, Grafiken, Tondokumente,\u00a0Videosequenzen und Texte zu beachten, von ihm selbst erstellte Bilder,\u00a0Grafiken, Tondokumente, Videosequenzen und Texte zu nutzen oder\u00a0auf lizenzfreie Grafiken, Tondokumente, Videosequenzen und Texte\u00a0zur\u00fcckzugreifen.\u00a0Alle innerhalb des Internetangebotes genannten und ggf. durch Dritte\u00a0gesch\u00fctzten Marken- und Warenzeichen unterliegen uneingeschr\u00e4nkt\u00a0den Bestimmungen des jeweils g\u00fcltigen Kennzeichenrechts und den\u00a0Besitzrechten der jeweiligen eingetragenen Eigent\u00fcmer. Allein aufgrund\u00a0der blo\u00dfen Nennung ist nicht der Schluss zu ziehen, dass Markenzeichen\u00a0nicht durch Rechte Dritter gesch\u00fctzt sind.\u00a0Das Copyright f\u00fcr ver\u00f6ffentlichte, von TOP Sportevents GmbH\u00a0selbst erstellte Objekte bleibt allein bei TOP Sportevents GmbH.\u00a0Eine Vervielf\u00e4ltigung oder Verwendung solcher Grafiken, Tondokumente,\u00a0Videosequenzen und Texte in anderen elektronischen oder gedruckten\u00a0Publikationen ist ohne ausdr\u00fcckliche Zustimmung der TOP Sportevents GmbH\u00a0nicht gestattet.<\/p>\n<h3>4. Datenschutz<\/h3>\n<p>Sofern innerhalb des Internetangebotes die M\u00f6glichkeit zur Eingabe\u00a0pers\u00f6nlicher oder gesch\u00e4ftlicher Daten (Emailadressen, Namen, Anschriften)\u00a0besteht, so erfolgt die Preisgabe dieser Daten seitens des Nutzers auf\u00a0ausdr\u00fccklich freiwilliger Basis. Die Inanspruchnahme und Bezahlung aller\u00a0angebotenen Dienste ist &#8211; soweit technisch m\u00f6glich und zumutbar &#8211; auch\u00a0ohne Angabe solcher Daten bzw. unter Angabe anonymisierter Daten oder\u00a0eines Pseudonyms gestattet.\u00a0Die Nutzung der im Rahmen des Impressums oder vergleichbarer Angaben\u00a0ver\u00f6ffentlichten Kontaktdaten wie Postanschriften, Telefon- und Faxnummern\u00a0sowie Emailadressen durch Dritte zur \u00dcbersendung von nicht ausdr\u00fccklich\u00a0angeforderten Informationen ist nicht gestattet. Rechtliche Schritte gegen die\u00a0Versender von sogenannten Spam-Mails bei Verst\u00f6ssen gegen dieses Verbot\u00a0sind ausdr\u00fccklich vorbehalten.<\/p>\n<h3>5. Rechtswirksamkeit dieses Haftungsausschlusses<\/h3>\n<p>Dieser Haftungsausschluss ist als Teil des Internetangebotes zu betrachten,\u00a0von dem aus auf diese Seite verwiesen wurde. Sofern Teile oder einzelne\u00a0Formulierungen dieses Textes der geltenden Rechtslage nicht, nicht mehr\u00a0oder nicht vollst\u00e4ndig entsprechen sollten, bleiben die \u00fcbrigen Teile des\u00a0Dokumentes in ihrem Inhalt und ihrer G\u00fcltigkeit davon unber\u00fchrt.\u00a0Sofern Teile oder einzelne Formulierungen dieses Textes der geltenden\u00a0Rechtslage nicht, nicht mehr oder nicht vollst\u00e4ndig entsprechen sollten,\u00a0bleiben die \u00fcbrigen Teile des Dokumentes in ihrem Inhalt und ihrer\u00a0G\u00fcltigkeit davon unber\u00fchrt.<\/p>\n","protected":false},"excerpt":{"rendered":"<p>TOP Sportevents GmbH Olympiapark Berlin Hanns-Braun-Str. Friesenhaus I 14053 Berlin Germany Fon: +49 (0)30 30 111 86 0 Fax: +49 (0)30 30 111 86 20 The following information is required under German law. Vertretungsberechtigter Gesch\u00e4ftsf\u00fchrer: Registernummer: HRB 77947 B, Amtsgericht Charlottenburg Umsatzsteuer-Identifikationsnummer gem\u00e4\u00df \u00a7 27 a Umsatzsteuergesetz: DE279554396 Inhaltlich Verantwortlicher gem\u00e4\u00df \u00a7 55 Absatz 2 [&hellip;]<\/p>\n","protected":false},"author":151,"featured_media":0,"parent":0,"menu_order":0,"comment_status":"closed","ping_status":"closed","template":"","meta":{"_et_pb_use_builder":"","_et_pb_old_content":"","_et_gb_content_width":"","footnotes":""},"class_list":["post-4794","page","type-page","status-publish","hentry"],"yoast_head":"<!-- This site is optimized with the Yoast SEO plugin v27.4 - https:\/\/yoast.com\/product\/yoast-seo-wordpress\/ -->\n<title>ISTAF INDOOR BERLIN - Imprint<\/title>\n<meta name=\"robots\" content=\"index, follow, max-snippet:-1, max-image-preview:large, max-video-preview:-1\" \/>\n<link rel=\"canonical\" href=\"https:\/\/www.istaf-indoor.de\/en\/imprint\/\" \/>\n<meta property=\"og:locale\" content=\"en_US\" \/>\n<meta property=\"og:type\" content=\"article\" \/>\n<meta property=\"og:title\" content=\"ISTAF INDOOR BERLIN - Imprint\" \/>\n<meta property=\"og:description\" content=\"TOP Sportevents GmbH Olympiapark Berlin Hanns-Braun-Str. Friesenhaus I 14053 Berlin Germany Fon: +49 (0)30 30 111 86 0 Fax: +49 (0)30 30 111 86 20 The following information is required under German law. Vertretungsberechtigter Gesch\u00e4ftsf\u00fchrer: Registernummer: HRB 77947 B, Amtsgericht Charlottenburg Umsatzsteuer-Identifikationsnummer gem\u00e4\u00df \u00a7 27 a Umsatzsteuergesetz: DE279554396 Inhaltlich Verantwortlicher gem\u00e4\u00df \u00a7 55 Absatz 2 [&hellip;]\" \/>\n<meta property=\"og:url\" content=\"https:\/\/www.istaf-indoor.de\/en\/imprint\/\" \/>\n<meta property=\"og:site_name\" content=\"ISTAF INDOOR BERLIN\" \/>\n<meta property=\"article:publisher\" content=\"https:\/\/www.facebook.com\/istafindoor\" \/>\n<meta property=\"article:modified_time\" content=\"2020-02-01T14:51:27+00:00\" \/>\n<meta name=\"twitter:card\" content=\"summary_large_image\" \/>\n<meta name=\"twitter:label1\" content=\"Est. reading time\" \/>\n\t<meta name=\"twitter:data1\" content=\"4 minutes\" \/>\n<script type=\"application\/ld+json\" class=\"yoast-schema-graph\">{\"@context\":\"https:\\\/\\\/schema.org\",\"@graph\":[{\"@type\":\"WebPage\",\"@id\":\"https:\\\/\\\/www.istaf-indoor.de\\\/en\\\/imprint\\\/\",\"url\":\"https:\\\/\\\/www.istaf-indoor.de\\\/en\\\/imprint\\\/\",\"name\":\"ISTAF INDOOR BERLIN - Imprint\",\"isPartOf\":{\"@id\":\"https:\\\/\\\/www.istaf-indoor.de\\\/#website\"},\"datePublished\":\"2017-11-08T10:05:28+00:00\",\"dateModified\":\"2020-02-01T14:51:27+00:00\",\"breadcrumb\":{\"@id\":\"https:\\\/\\\/www.istaf-indoor.de\\\/en\\\/imprint\\\/#breadcrumb\"},\"inLanguage\":\"en-US\",\"potentialAction\":[{\"@type\":\"ReadAction\",\"target\":[\"https:\\\/\\\/www.istaf-indoor.de\\\/en\\\/imprint\\\/\"]}]},{\"@type\":\"BreadcrumbList\",\"@id\":\"https:\\\/\\\/www.istaf-indoor.de\\\/en\\\/imprint\\\/#breadcrumb\",\"itemListElement\":[{\"@type\":\"ListItem\",\"position\":1,\"name\":\"Startseite\",\"item\":\"https:\\\/\\\/www.istaf-indoor.de\\\/\"},{\"@type\":\"ListItem\",\"position\":2,\"name\":\"Imprint\"}]},{\"@type\":\"WebSite\",\"@id\":\"https:\\\/\\\/www.istaf-indoor.de\\\/#website\",\"url\":\"https:\\\/\\\/www.istaf-indoor.de\\\/\",\"name\":\"ISTAF INDOOR BERLIN\",\"description\":\"Das ISTAF-Meeting in der Mercedes-Benz-Arena\",\"publisher\":{\"@id\":\"https:\\\/\\\/www.istaf-indoor.de\\\/#organization\"},\"potentialAction\":[{\"@type\":\"SearchAction\",\"target\":{\"@type\":\"EntryPoint\",\"urlTemplate\":\"https:\\\/\\\/www.istaf-indoor.de\\\/?s={search_term_string}\"},\"query-input\":{\"@type\":\"PropertyValueSpecification\",\"valueRequired\":true,\"valueName\":\"search_term_string\"}}],\"inLanguage\":\"en-US\"},{\"@type\":\"Organization\",\"@id\":\"https:\\\/\\\/www.istaf-indoor.de\\\/#organization\",\"name\":\"ISTAF INDOOR\",\"url\":\"https:\\\/\\\/www.istaf-indoor.de\\\/\",\"logo\":{\"@type\":\"ImageObject\",\"inLanguage\":\"en-US\",\"@id\":\"https:\\\/\\\/www.istaf-indoor.de\\\/#\\\/schema\\\/logo\\\/image\\\/\",\"url\":\"https:\\\/\\\/www.istaf-indoor.de\\\/wp-content\\\/uploads\\\/2020\\\/01\\\/ISTAF-INDOOR-Logo.png\",\"contentUrl\":\"https:\\\/\\\/www.istaf-indoor.de\\\/wp-content\\\/uploads\\\/2020\\\/01\\\/ISTAF-INDOOR-Logo.png\",\"width\":280,\"height\":125,\"caption\":\"ISTAF INDOOR\"},\"image\":{\"@id\":\"https:\\\/\\\/www.istaf-indoor.de\\\/#\\\/schema\\\/logo\\\/image\\\/\"},\"sameAs\":[\"https:\\\/\\\/www.facebook.com\\\/istafindoor\",\"https:\\\/\\\/www.instagram.com\\\/istaf_indoor\\\/\",\"https:\\\/\\\/www.youtube.com\\\/channel\\\/UCkx5PGF8WwuLFflNcvkKFSQ\"]}]}<\/script>\n<!-- \/ Yoast SEO plugin. -->","yoast_head_json":{"title":"ISTAF INDOOR BERLIN - Imprint","robots":{"index":"index","follow":"follow","max-snippet":"max-snippet:-1","max-image-preview":"max-image-preview:large","max-video-preview":"max-video-preview:-1"},"canonical":"https:\/\/www.istaf-indoor.de\/en\/imprint\/","og_locale":"en_US","og_type":"article","og_title":"ISTAF INDOOR BERLIN - Imprint","og_description":"TOP Sportevents GmbH Olympiapark Berlin Hanns-Braun-Str. Friesenhaus I 14053 Berlin Germany Fon: +49 (0)30 30 111 86 0 Fax: +49 (0)30 30 111 86 20 The following information is required under German law. Vertretungsberechtigter Gesch\u00e4ftsf\u00fchrer: Registernummer: HRB 77947 B, Amtsgericht Charlottenburg Umsatzsteuer-Identifikationsnummer gem\u00e4\u00df \u00a7 27 a Umsatzsteuergesetz: DE279554396 Inhaltlich Verantwortlicher gem\u00e4\u00df \u00a7 55 Absatz 2 [&hellip;]","og_url":"https:\/\/www.istaf-indoor.de\/en\/imprint\/","og_site_name":"ISTAF INDOOR BERLIN","article_publisher":"https:\/\/www.facebook.com\/istafindoor","article_modified_time":"2020-02-01T14:51:27+00:00","twitter_card":"summary_large_image","twitter_misc":{"Est. reading time":"4 minutes"},"schema":{"@context":"https:\/\/schema.org","@graph":[{"@type":"WebPage","@id":"https:\/\/www.istaf-indoor.de\/en\/imprint\/","url":"https:\/\/www.istaf-indoor.de\/en\/imprint\/","name":"ISTAF INDOOR BERLIN - Imprint","isPartOf":{"@id":"https:\/\/www.istaf-indoor.de\/#website"},"datePublished":"2017-11-08T10:05:28+00:00","dateModified":"2020-02-01T14:51:27+00:00","breadcrumb":{"@id":"https:\/\/www.istaf-indoor.de\/en\/imprint\/#breadcrumb"},"inLanguage":"en-US","potentialAction":[{"@type":"ReadAction","target":["https:\/\/www.istaf-indoor.de\/en\/imprint\/"]}]},{"@type":"BreadcrumbList","@id":"https:\/\/www.istaf-indoor.de\/en\/imprint\/#breadcrumb","itemListElement":[{"@type":"ListItem","position":1,"name":"Startseite","item":"https:\/\/www.istaf-indoor.de\/"},{"@type":"ListItem","position":2,"name":"Imprint"}]},{"@type":"WebSite","@id":"https:\/\/www.istaf-indoor.de\/#website","url":"https:\/\/www.istaf-indoor.de\/","name":"ISTAF INDOOR BERLIN","description":"Das ISTAF-Meeting in der Mercedes-Benz-Arena","publisher":{"@id":"https:\/\/www.istaf-indoor.de\/#organization"},"potentialAction":[{"@type":"SearchAction","target":{"@type":"EntryPoint","urlTemplate":"https:\/\/www.istaf-indoor.de\/?s={search_term_string}"},"query-input":{"@type":"PropertyValueSpecification","valueRequired":true,"valueName":"search_term_string"}}],"inLanguage":"en-US"},{"@type":"Organization","@id":"https:\/\/www.istaf-indoor.de\/#organization","name":"ISTAF INDOOR","url":"https:\/\/www.istaf-indoor.de\/","logo":{"@type":"ImageObject","inLanguage":"en-US","@id":"https:\/\/www.istaf-indoor.de\/#\/schema\/logo\/image\/","url":"https:\/\/www.istaf-indoor.de\/wp-content\/uploads\/2020\/01\/ISTAF-INDOOR-Logo.png","contentUrl":"https:\/\/www.istaf-indoor.de\/wp-content\/uploads\/2020\/01\/ISTAF-INDOOR-Logo.png","width":280,"height":125,"caption":"ISTAF INDOOR"},"image":{"@id":"https:\/\/www.istaf-indoor.de\/#\/schema\/logo\/image\/"},"sameAs":["https:\/\/www.facebook.com\/istafindoor","https:\/\/www.instagram.com\/istaf_indoor\/","https:\/\/www.youtube.com\/channel\/UCkx5PGF8WwuLFflNcvkKFSQ"]}]}},"_links":{"self":[{"href":"https:\/\/www.istaf-indoor.de\/en\/wp-json\/wp\/v2\/pages\/4794","targetHints":{"allow":["GET"]}}],"collection":[{"href":"https:\/\/www.istaf-indoor.de\/en\/wp-json\/wp\/v2\/pages"}],"about":[{"href":"https:\/\/www.istaf-indoor.de\/en\/wp-json\/wp\/v2\/types\/page"}],"author":[{"embeddable":true,"href":"https:\/\/www.istaf-indoor.de\/en\/wp-json\/wp\/v2\/users\/151"}],"replies":[{"embeddable":true,"href":"https:\/\/www.istaf-indoor.de\/en\/wp-json\/wp\/v2\/comments?post=4794"}],"version-history":[{"count":0,"href":"https:\/\/www.istaf-indoor.de\/en\/wp-json\/wp\/v2\/pages\/4794\/revisions"}],"wp:attachment":[{"href":"https:\/\/www.istaf-indoor.de\/en\/wp-json\/wp\/v2\/media?parent=4794"}],"curies":[{"name":"wp","href":"https:\/\/api.w.org\/{rel}","templated":true}]}}